{"id":1594,"date":"2021-11-13T06:10:29","date_gmt":"2021-11-13T06:10:29","guid":{"rendered":"https:\/\/coblince.com.mx\/?page_id=1594"},"modified":"2021-11-21T23:22:58","modified_gmt":"2021-11-21T23:22:58","slug":"soluciones-en-conectividad","status":"publish","type":"page","link":"https:\/\/coblince.com.mx\/?page_id=1594","title":{"rendered":"SOLUCIONES EN CONECTIVIDAD"},"content":{"rendered":"\t\t<div data-elementor-type=\"wp-page\" data-elementor-id=\"1594\" class=\"elementor elementor-1594\">\n\t\t\t\t\t\t<section class=\"elementor-section elementor-top-section elementor-element elementor-element-6dcf771 elementor-section-boxed elementor-section-height-default elementor-section-height-default\" data-id=\"6dcf771\" data-element_type=\"section\" data-e-type=\"section\">\n\t\t\t\t\t\t<div class=\"elementor-container elementor-column-gap-default\">\n\t\t\t\t\t<div class=\"elementor-column elementor-col-33 elementor-top-column elementor-element elementor-element-182514c\" data-id=\"182514c\" data-element_type=\"column\" data-e-type=\"column\">\n\t\t\t<div class=\"elementor-widget-wrap elementor-element-populated\">\n\t\t\t\t\t\t<div class=\"elementor-element elementor-element-db1825e elementor-widget elementor-widget-image\" data-id=\"db1825e\" data-element_type=\"widget\" data-e-type=\"widget\" data-widget_type=\"image.default\">\n\t\t\t\t<div class=\"elementor-widget-container\">\n\t\t\t\t\t\t\t\t\t\t\t\t\t\t\t<img fetchpriority=\"high\" decoding=\"async\" width=\"269\" height=\"196\" src=\"https:\/\/coblince.com.mx\/wp-content\/uploads\/2021\/11\/15_SZ1B-1.webp\" class=\"attachment-large size-large wp-image-1856\" alt=\"\" \/>\t\t\t\t\t\t\t\t\t\t\t\t\t\t\t<\/div>\n\t\t\t\t<\/div>\n\t\t\t\t<div class=\"elementor-element elementor-element-9af5308 elementor-widget elementor-widget-heading\" data-id=\"9af5308\" data-element_type=\"widget\" data-e-type=\"widget\" data-widget_type=\"heading.default\">\n\t\t\t\t<div class=\"elementor-widget-container\">\n\t\t\t\t\t<h6 class=\"elementor-heading-title elementor-size-default\">Zapata un barreno barril est\u00e1ndar<\/h6>\t\t\t\t<\/div>\n\t\t\t\t<\/div>\n\t\t\t\t\t<\/div>\n\t\t<\/div>\n\t\t\t\t<div class=\"elementor-column elementor-col-33 elementor-top-column elementor-element elementor-element-f11e130\" data-id=\"f11e130\" data-element_type=\"column\" data-e-type=\"column\">\n\t\t\t<div class=\"elementor-widget-wrap elementor-element-populated\">\n\t\t\t\t\t\t<div class=\"elementor-element elementor-element-0d1f204 elementor-widget elementor-widget-image\" data-id=\"0d1f204\" data-element_type=\"widget\" data-e-type=\"widget\" data-widget_type=\"image.default\">\n\t\t\t\t<div class=\"elementor-widget-container\">\n\t\t\t\t\t\t\t\t\t\t\t\t\t\t\t<img decoding=\"async\" width=\"269\" height=\"196\" data-src=\"https:\/\/coblince.com.mx\/wp-content\/uploads\/2021\/11\/16_SZ2B-1.webp\" class=\"attachment-large size-large wp-image-1857 lazyload\" alt=\"\" src=\"data:image\/gif;base64,R0lGODlhAQABAAAAACH5BAEKAAEALAAAAAABAAEAAAICTAEAOw==\" style=\"--smush-placeholder-width: 269px; --smush-placeholder-aspect-ratio: 269\/196;\" \/><noscript><img decoding=\"async\" width=\"269\" height=\"196\" src=\"https:\/\/coblince.com.mx\/wp-content\/uploads\/2021\/11\/16_SZ2B-1.webp\" class=\"attachment-large size-large wp-image-1857\" alt=\"\" \/><\/noscript>\t\t\t\t\t\t\t\t\t\t\t\t\t\t\t<\/div>\n\t\t\t\t<\/div>\n\t\t\t\t<div class=\"elementor-element elementor-element-2edd3dc elementor-widget elementor-widget-heading\" data-id=\"2edd3dc\" data-element_type=\"widget\" data-e-type=\"widget\" data-widget_type=\"heading.default\">\n\t\t\t\t<div class=\"elementor-widget-container\">\n\t\t\t\t\t<h6 class=\"elementor-heading-title elementor-size-default\">\nZapata un barreno barril est\u00e1ndar<\/h6>\t\t\t\t<\/div>\n\t\t\t\t<\/div>\n\t\t\t\t\t<\/div>\n\t\t<\/div>\n\t\t\t\t<div class=\"elementor-column elementor-col-33 elementor-top-column elementor-element elementor-element-813866d\" data-id=\"813866d\" data-element_type=\"column\" data-e-type=\"column\">\n\t\t\t<div class=\"elementor-widget-wrap elementor-element-populated\">\n\t\t\t\t\t\t<div class=\"elementor-element elementor-element-75b7fdb elementor-widget elementor-widget-image\" data-id=\"75b7fdb\" data-element_type=\"widget\" data-e-type=\"widget\" data-widget_type=\"image.default\">\n\t\t\t\t<div class=\"elementor-widget-container\">\n\t\t\t\t\t\t\t\t\t\t\t\t\t\t\t<img decoding=\"async\" width=\"269\" height=\"196\" data-src=\"https:\/\/coblince.com.mx\/wp-content\/uploads\/2021\/11\/17_SC-90-1.webp\" class=\"attachment-large size-large wp-image-1858 lazyload\" alt=\"\" src=\"data:image\/gif;base64,R0lGODlhAQABAAAAACH5BAEKAAEALAAAAAABAAEAAAICTAEAOw==\" style=\"--smush-placeholder-width: 269px; --smush-placeholder-aspect-ratio: 269\/196;\" \/><noscript><img decoding=\"async\" width=\"269\" height=\"196\" src=\"https:\/\/coblince.com.mx\/wp-content\/uploads\/2021\/11\/17_SC-90-1.webp\" class=\"attachment-large size-large wp-image-1858\" alt=\"\" \/><\/noscript>\t\t\t\t\t\t\t\t\t\t\t\t\t\t\t<\/div>\n\t\t\t\t<\/div>\n\t\t\t\t<div class=\"elementor-element elementor-element-0f1ed97 elementor-widget elementor-widget-heading\" data-id=\"0f1ed97\" data-element_type=\"widget\" data-e-type=\"widget\" data-widget_type=\"heading.default\">\n\t\t\t\t<div class=\"elementor-widget-container\">\n\t\t\t\t\t<h6 class=\"elementor-heading-title elementor-size-default\">Kit monof\u00e1sico para base de medidor<\/h6>\t\t\t\t<\/div>\n\t\t\t\t<\/div>\n\t\t\t\t\t<\/div>\n\t\t<\/div>\n\t\t\t\t\t<\/div>\n\t\t<\/section>\n\t\t\t\t<section class=\"elementor-section elementor-top-section elementor-element elementor-element-7320e40 elementor-section-boxed elementor-section-height-default elementor-section-height-default\" data-id=\"7320e40\" data-element_type=\"section\" data-e-type=\"section\">\n\t\t\t\t\t\t<div class=\"elementor-container elementor-column-gap-default\">\n\t\t\t\t\t<div class=\"elementor-column elementor-col-33 elementor-top-column elementor-element elementor-element-ae502ab\" data-id=\"ae502ab\" data-element_type=\"column\" data-e-type=\"column\">\n\t\t\t<div class=\"elementor-widget-wrap elementor-element-populated\">\n\t\t\t\t\t\t<div class=\"elementor-element elementor-element-8136b0a elementor-widget elementor-widget-image\" data-id=\"8136b0a\" data-element_type=\"widget\" data-e-type=\"widget\" data-widget_type=\"image.default\">\n\t\t\t\t<div class=\"elementor-widget-container\">\n\t\t\t\t\t\t\t\t\t\t\t\t\t\t\t<img loading=\"lazy\" decoding=\"async\" width=\"269\" height=\"196\" data-src=\"https:\/\/coblince.com.mx\/wp-content\/uploads\/2021\/11\/18_SCET16.webp\" class=\"attachment-large size-large wp-image-1859 lazyload\" alt=\"\" src=\"data:image\/gif;base64,R0lGODlhAQABAAAAACH5BAEKAAEALAAAAAABAAEAAAICTAEAOw==\" style=\"--smush-placeholder-width: 269px; --smush-placeholder-aspect-ratio: 269\/196;\" \/><noscript><img loading=\"lazy\" decoding=\"async\" width=\"269\" height=\"196\" src=\"https:\/\/coblince.com.mx\/wp-content\/uploads\/2021\/11\/18_SCET16.webp\" class=\"attachment-large size-large wp-image-1859\" alt=\"\" \/><\/noscript>\t\t\t\t\t\t\t\t\t\t\t\t\t\t\t<\/div>\n\t\t\t\t<\/div>\n\t\t\t\t<div class=\"elementor-element elementor-element-e3de3d3 elementor-widget elementor-widget-heading\" data-id=\"e3de3d3\" data-element_type=\"widget\" data-e-type=\"widget\" data-widget_type=\"heading.default\">\n\t\t\t\t<div class=\"elementor-widget-container\">\n\t\t\t\t\t<h6 class=\"elementor-heading-title elementor-size-default\">Conectador de cobre para tierra<\/h6>\t\t\t\t<\/div>\n\t\t\t\t<\/div>\n\t\t\t\t\t<\/div>\n\t\t<\/div>\n\t\t\t\t<div class=\"elementor-column elementor-col-33 elementor-top-column elementor-element elementor-element-821a56b\" data-id=\"821a56b\" data-element_type=\"column\" data-e-type=\"column\">\n\t\t\t<div class=\"elementor-widget-wrap elementor-element-populated\">\n\t\t\t\t\t\t<div class=\"elementor-element elementor-element-d6a6005 elementor-widget elementor-widget-image\" data-id=\"d6a6005\" data-element_type=\"widget\" data-e-type=\"widget\" data-widget_type=\"image.default\">\n\t\t\t\t<div class=\"elementor-widget-container\">\n\t\t\t\t\t\t\t\t\t\t\t\t\t\t\t<img loading=\"lazy\" decoding=\"async\" width=\"269\" height=\"196\" data-src=\"https:\/\/coblince.com.mx\/wp-content\/uploads\/2021\/11\/19_SSC.webp\" class=\"attachment-large size-large wp-image-1860 lazyload\" alt=\"\" src=\"data:image\/gif;base64,R0lGODlhAQABAAAAACH5BAEKAAEALAAAAAABAAEAAAICTAEAOw==\" style=\"--smush-placeholder-width: 269px; --smush-placeholder-aspect-ratio: 269\/196;\" \/><noscript><img loading=\"lazy\" decoding=\"async\" width=\"269\" height=\"196\" src=\"https:\/\/coblince.com.mx\/wp-content\/uploads\/2021\/11\/19_SSC.webp\" class=\"attachment-large size-large wp-image-1860\" alt=\"\" \/><\/noscript>\t\t\t\t\t\t\t\t\t\t\t\t\t\t\t<\/div>\n\t\t\t\t<\/div>\n\t\t\t\t<div class=\"elementor-element elementor-element-9aa9a08 elementor-widget elementor-widget-heading\" data-id=\"9aa9a08\" data-element_type=\"widget\" data-e-type=\"widget\" data-widget_type=\"heading.default\">\n\t\t\t\t<div class=\"elementor-widget-container\">\n\t\t\t\t\t<h6 class=\"elementor-heading-title elementor-size-default\">Conectador recto aislado y sin aislar tipo puro<\/h6>\t\t\t\t<\/div>\n\t\t\t\t<\/div>\n\t\t\t\t\t<\/div>\n\t\t<\/div>\n\t\t\t\t<div class=\"elementor-column elementor-col-33 elementor-top-column elementor-element elementor-element-ce7687c\" data-id=\"ce7687c\" data-element_type=\"column\" data-e-type=\"column\">\n\t\t\t<div class=\"elementor-widget-wrap elementor-element-populated\">\n\t\t\t\t\t\t<div class=\"elementor-element elementor-element-b671cbc elementor-widget elementor-widget-image\" data-id=\"b671cbc\" data-element_type=\"widget\" data-e-type=\"widget\" data-widget_type=\"image.default\">\n\t\t\t\t<div class=\"elementor-widget-container\">\n\t\t\t\t\t\t\t\t\t\t\t\t\t\t\t<img loading=\"lazy\" decoding=\"async\" width=\"269\" height=\"196\" data-src=\"https:\/\/coblince.com.mx\/wp-content\/uploads\/2021\/11\/20_SMET.webp\" class=\"attachment-large size-large wp-image-1861 lazyload\" alt=\"\" src=\"data:image\/gif;base64,R0lGODlhAQABAAAAACH5BAEKAAEALAAAAAABAAEAAAICTAEAOw==\" style=\"--smush-placeholder-width: 269px; --smush-placeholder-aspect-ratio: 269\/196;\" \/><noscript><img loading=\"lazy\" decoding=\"async\" width=\"269\" height=\"196\" src=\"https:\/\/coblince.com.mx\/wp-content\/uploads\/2021\/11\/20_SMET.webp\" class=\"attachment-large size-large wp-image-1861\" alt=\"\" \/><\/noscript>\t\t\t\t\t\t\t\t\t\t\t\t\t\t\t<\/div>\n\t\t\t\t<\/div>\n\t\t\t\t<div class=\"elementor-element elementor-element-f8eb070 elementor-widget elementor-widget-heading\" data-id=\"f8eb070\" data-element_type=\"widget\" data-e-type=\"widget\" data-widget_type=\"heading.default\">\n\t\t\t\t<div class=\"elementor-widget-container\">\n\t\t\t\t\t<h6 class=\"elementor-heading-title elementor-size-default\">\n\u200bConectador mec\u00e1nico para tierra<\/h6>\t\t\t\t<\/div>\n\t\t\t\t<\/div>\n\t\t\t\t\t<\/div>\n\t\t<\/div>\n\t\t\t\t\t<\/div>\n\t\t<\/section>\n\t\t\t\t<section class=\"elementor-section elementor-top-section elementor-element elementor-element-cccae30 elementor-section-boxed elementor-section-height-default elementor-section-height-default\" data-id=\"cccae30\" data-element_type=\"section\" data-e-type=\"section\">\n\t\t\t\t\t\t<div class=\"elementor-container elementor-column-gap-default\">\n\t\t\t\t\t<div class=\"elementor-column elementor-col-33 elementor-top-column elementor-element elementor-element-3cc5aa7\" data-id=\"3cc5aa7\" data-element_type=\"column\" data-e-type=\"column\">\n\t\t\t<div class=\"elementor-widget-wrap elementor-element-populated\">\n\t\t\t\t\t\t<div class=\"elementor-element elementor-element-9e98bb5 elementor-widget elementor-widget-image\" data-id=\"9e98bb5\" data-element_type=\"widget\" data-e-type=\"widget\" data-widget_type=\"image.default\">\n\t\t\t\t<div class=\"elementor-widget-container\">\n\t\t\t\t\t\t\t\t\t\t\t\t\t\t\t<img loading=\"lazy\" decoding=\"async\" width=\"269\" height=\"196\" data-src=\"https:\/\/coblince.com.mx\/wp-content\/uploads\/2021\/11\/21_SBKS.webp\" class=\"attachment-large size-large wp-image-1862 lazyload\" alt=\"\" src=\"data:image\/gif;base64,R0lGODlhAQABAAAAACH5BAEKAAEALAAAAAABAAEAAAICTAEAOw==\" style=\"--smush-placeholder-width: 269px; --smush-placeholder-aspect-ratio: 269\/196;\" \/><noscript><img loading=\"lazy\" decoding=\"async\" width=\"269\" height=\"196\" src=\"https:\/\/coblince.com.mx\/wp-content\/uploads\/2021\/11\/21_SBKS.webp\" class=\"attachment-large size-large wp-image-1862\" alt=\"\" \/><\/noscript>\t\t\t\t\t\t\t\t\t\t\t\t\t\t\t<\/div>\n\t\t\t\t<\/div>\n\t\t\t\t<div class=\"elementor-element elementor-element-2f7a8c9 elementor-widget elementor-widget-heading\" data-id=\"2f7a8c9\" data-element_type=\"widget\" data-e-type=\"widget\" data-widget_type=\"heading.default\">\n\t\t\t\t<div class=\"elementor-widget-container\">\n\t\t\t\t\t<h6 class=\"elementor-heading-title elementor-size-default\">\nConectador bipartido<\/h6>\t\t\t\t<\/div>\n\t\t\t\t<\/div>\n\t\t\t\t\t<\/div>\n\t\t<\/div>\n\t\t\t\t<div class=\"elementor-column elementor-col-33 elementor-top-column elementor-element elementor-element-9ae7c2d\" data-id=\"9ae7c2d\" data-element_type=\"column\" data-e-type=\"column\">\n\t\t\t<div class=\"elementor-widget-wrap elementor-element-populated\">\n\t\t\t\t\t\t<div class=\"elementor-element elementor-element-5bd7fbe elementor-widget elementor-widget-image\" data-id=\"5bd7fbe\" data-element_type=\"widget\" data-e-type=\"widget\" data-widget_type=\"image.default\">\n\t\t\t\t<div class=\"elementor-widget-container\">\n\t\t\t\t\t\t\t\t\t\t\t\t\t\t\t<img loading=\"lazy\" decoding=\"async\" width=\"287\" height=\"208\" data-src=\"https:\/\/coblince.com.mx\/wp-content\/uploads\/2021\/11\/22_SIPC.webp\" class=\"attachment-large size-large wp-image-1863 lazyload\" alt=\"\" src=\"data:image\/gif;base64,R0lGODlhAQABAAAAACH5BAEKAAEALAAAAAABAAEAAAICTAEAOw==\" style=\"--smush-placeholder-width: 287px; --smush-placeholder-aspect-ratio: 287\/208;\" \/><noscript><img loading=\"lazy\" decoding=\"async\" width=\"287\" height=\"208\" src=\"https:\/\/coblince.com.mx\/wp-content\/uploads\/2021\/11\/22_SIPC.webp\" class=\"attachment-large size-large wp-image-1863\" alt=\"\" \/><\/noscript>\t\t\t\t\t\t\t\t\t\t\t\t\t\t\t<\/div>\n\t\t\t\t<\/div>\n\t\t\t\t<div class=\"elementor-element elementor-element-6866db7 elementor-widget elementor-widget-heading\" data-id=\"6866db7\" data-element_type=\"widget\" data-e-type=\"widget\" data-widget_type=\"heading.default\">\n\t\t\t\t<div class=\"elementor-widget-container\">\n\t\t\t\t\t<h6 class=\"elementor-heading-title elementor-size-default\">\nConectador de perforaci\u00f3n IPC<\/h6>\t\t\t\t<\/div>\n\t\t\t\t<\/div>\n\t\t\t\t\t<\/div>\n\t\t<\/div>\n\t\t\t\t<div class=\"elementor-column elementor-col-33 elementor-top-column elementor-element elementor-element-aef4181\" data-id=\"aef4181\" data-element_type=\"column\" data-e-type=\"column\">\n\t\t\t<div class=\"elementor-widget-wrap elementor-element-populated\">\n\t\t\t\t\t\t<div class=\"elementor-element elementor-element-93c758a elementor-widget elementor-widget-image\" data-id=\"93c758a\" data-element_type=\"widget\" data-e-type=\"widget\" data-widget_type=\"image.default\">\n\t\t\t\t<div class=\"elementor-widget-container\">\n\t\t\t\t\t\t\t\t\t\t\t\t\t\t\t<img loading=\"lazy\" decoding=\"async\" width=\"269\" height=\"196\" data-src=\"https:\/\/coblince.com.mx\/wp-content\/uploads\/2021\/11\/23_SIPC-15.webp\" class=\"attachment-large size-large wp-image-1864 lazyload\" alt=\"\" src=\"data:image\/gif;base64,R0lGODlhAQABAAAAACH5BAEKAAEALAAAAAABAAEAAAICTAEAOw==\" style=\"--smush-placeholder-width: 269px; --smush-placeholder-aspect-ratio: 269\/196;\" \/><noscript><img loading=\"lazy\" decoding=\"async\" width=\"269\" height=\"196\" src=\"https:\/\/coblince.com.mx\/wp-content\/uploads\/2021\/11\/23_SIPC-15.webp\" class=\"attachment-large size-large wp-image-1864\" alt=\"\" \/><\/noscript>\t\t\t\t\t\t\t\t\t\t\t\t\t\t\t<\/div>\n\t\t\t\t<\/div>\n\t\t\t\t<div class=\"elementor-element elementor-element-6ca8925 elementor-widget elementor-widget-heading\" data-id=\"6ca8925\" data-element_type=\"widget\" data-e-type=\"widget\" data-widget_type=\"heading.default\">\n\t\t\t\t<div class=\"elementor-widget-container\">\n\t\t\t\t\t<h6 class=\"elementor-heading-title elementor-size-default\">Conectador de perforaci\u00f3n para media tensi\u00f3n hasta 15 kV<\/h6>\t\t\t\t<\/div>\n\t\t\t\t<\/div>\n\t\t\t\t\t<\/div>\n\t\t<\/div>\n\t\t\t\t\t<\/div>\n\t\t<\/section>\n\t\t\t\t<section class=\"elementor-section elementor-top-section elementor-element elementor-element-15f52a4 elementor-section-boxed elementor-section-height-default elementor-section-height-default\" data-id=\"15f52a4\" data-element_type=\"section\" data-e-type=\"section\">\n\t\t\t\t\t\t<div class=\"elementor-container elementor-column-gap-default\">\n\t\t\t\t\t<div class=\"elementor-column elementor-col-33 elementor-top-column elementor-element elementor-element-94edf65\" data-id=\"94edf65\" data-element_type=\"column\" data-e-type=\"column\">\n\t\t\t<div class=\"elementor-widget-wrap elementor-element-populated\">\n\t\t\t\t\t\t<div class=\"elementor-element elementor-element-6becc12 elementor-widget elementor-widget-image\" data-id=\"6becc12\" data-element_type=\"widget\" data-e-type=\"widget\" data-widget_type=\"image.default\">\n\t\t\t\t<div class=\"elementor-widget-container\">\n\t\t\t\t\t\t\t\t\t\t\t\t\t\t\t<img loading=\"lazy\" decoding=\"async\" width=\"269\" height=\"196\" data-src=\"https:\/\/coblince.com.mx\/wp-content\/uploads\/2021\/11\/24_SPMC-6.webp\" class=\"attachment-large size-large wp-image-1865 lazyload\" alt=\"\" src=\"data:image\/gif;base64,R0lGODlhAQABAAAAACH5BAEKAAEALAAAAAABAAEAAAICTAEAOw==\" style=\"--smush-placeholder-width: 269px; --smush-placeholder-aspect-ratio: 269\/196;\" \/><noscript><img loading=\"lazy\" decoding=\"async\" width=\"269\" height=\"196\" src=\"https:\/\/coblince.com.mx\/wp-content\/uploads\/2021\/11\/24_SPMC-6.webp\" class=\"attachment-large size-large wp-image-1865\" alt=\"\" \/><\/noscript>\t\t\t\t\t\t\t\t\t\t\t\t\t\t\t<\/div>\n\t\t\t\t<\/div>\n\t\t\t\t<div class=\"elementor-element elementor-element-9b54913 elementor-widget elementor-widget-heading\" data-id=\"9b54913\" data-element_type=\"widget\" data-e-type=\"widget\" data-widget_type=\"heading.default\">\n\t\t\t\t<div class=\"elementor-widget-container\">\n\t\t\t\t\t<h6 class=\"elementor-heading-title elementor-size-default\">\nMultiderivador para l\u00edneas a\u00e9reas de baja tensi\u00f3n <\/h6>\t\t\t\t<\/div>\n\t\t\t\t<\/div>\n\t\t\t\t\t<\/div>\n\t\t<\/div>\n\t\t\t\t<div class=\"elementor-column elementor-col-33 elementor-top-column elementor-element elementor-element-84a27c0\" data-id=\"84a27c0\" data-element_type=\"column\" data-e-type=\"column\">\n\t\t\t<div class=\"elementor-widget-wrap elementor-element-populated\">\n\t\t\t\t\t\t<div class=\"elementor-element elementor-element-217d243 elementor-widget elementor-widget-image\" data-id=\"217d243\" data-element_type=\"widget\" data-e-type=\"widget\" data-widget_type=\"image.default\">\n\t\t\t\t<div class=\"elementor-widget-container\">\n\t\t\t\t\t\t\t\t\t\t\t\t\t\t\t<img loading=\"lazy\" decoding=\"async\" width=\"269\" height=\"196\" data-src=\"https:\/\/coblince.com.mx\/wp-content\/uploads\/2021\/11\/25_SKMC-6.webp\" class=\"attachment-large size-large wp-image-1866 lazyload\" alt=\"\" src=\"data:image\/gif;base64,R0lGODlhAQABAAAAACH5BAEKAAEALAAAAAABAAEAAAICTAEAOw==\" style=\"--smush-placeholder-width: 269px; --smush-placeholder-aspect-ratio: 269\/196;\" \/><noscript><img loading=\"lazy\" decoding=\"async\" width=\"269\" height=\"196\" src=\"https:\/\/coblince.com.mx\/wp-content\/uploads\/2021\/11\/25_SKMC-6.webp\" class=\"attachment-large size-large wp-image-1866\" alt=\"\" \/><\/noscript>\t\t\t\t\t\t\t\t\t\t\t\t\t\t\t<\/div>\n\t\t\t\t<\/div>\n\t\t\t\t<div class=\"elementor-element elementor-element-8c41faf elementor-widget elementor-widget-heading\" data-id=\"8c41faf\" data-element_type=\"widget\" data-e-type=\"widget\" data-widget_type=\"heading.default\">\n\t\t\t\t<div class=\"elementor-widget-container\">\n\t\t\t\t\t<h6 class=\"elementor-heading-title elementor-size-default\">\nMultiderivador blindado para l\u00edneas a\u00e9reas de baja tensi\u00f3n<\/h6>\t\t\t\t<\/div>\n\t\t\t\t<\/div>\n\t\t\t\t\t<\/div>\n\t\t<\/div>\n\t\t\t\t<div class=\"elementor-column elementor-col-33 elementor-top-column elementor-element elementor-element-2a41e07\" data-id=\"2a41e07\" data-element_type=\"column\" data-e-type=\"column\">\n\t\t\t<div class=\"elementor-widget-wrap elementor-element-populated\">\n\t\t\t\t\t\t<div class=\"elementor-element elementor-element-848583f elementor-widget elementor-widget-image\" data-id=\"848583f\" data-element_type=\"widget\" data-e-type=\"widget\" data-widget_type=\"image.default\">\n\t\t\t\t<div class=\"elementor-widget-container\">\n\t\t\t\t\t\t\t\t\t\t\t\t\t\t\t<img loading=\"lazy\" decoding=\"async\" width=\"269\" height=\"196\" data-src=\"https:\/\/coblince.com.mx\/wp-content\/uploads\/2021\/11\/26_SKMR-4.webp\" class=\"attachment-large size-large wp-image-1867 lazyload\" alt=\"\" src=\"data:image\/gif;base64,R0lGODlhAQABAAAAACH5BAEKAAEALAAAAAABAAEAAAICTAEAOw==\" style=\"--smush-placeholder-width: 269px; --smush-placeholder-aspect-ratio: 269\/196;\" \/><noscript><img loading=\"lazy\" decoding=\"async\" width=\"269\" height=\"196\" src=\"https:\/\/coblince.com.mx\/wp-content\/uploads\/2021\/11\/26_SKMR-4.webp\" class=\"attachment-large size-large wp-image-1867\" alt=\"\" \/><\/noscript>\t\t\t\t\t\t\t\t\t\t\t\t\t\t\t<\/div>\n\t\t\t\t<\/div>\n\t\t\t\t<div class=\"elementor-element elementor-element-a3739f6 elementor-widget elementor-widget-heading\" data-id=\"a3739f6\" data-element_type=\"widget\" data-e-type=\"widget\" data-widget_type=\"heading.default\">\n\t\t\t\t<div class=\"elementor-widget-container\">\n\t\t\t\t\t<h6 class=\"elementor-heading-title elementor-size-default\">Multiderivador de resorte para l\u00edneas a\u00e9reas de baja tensi\u00f3n<\/h6>\t\t\t\t<\/div>\n\t\t\t\t<\/div>\n\t\t\t\t\t<\/div>\n\t\t<\/div>\n\t\t\t\t\t<\/div>\n\t\t<\/section>\n\t\t\t\t<\/div>\n\t\t","protected":false},"excerpt":{"rendered":"<p>Zapata un barreno barril est\u00e1ndar Zapata un barreno barril est\u00e1ndar Kit monof\u00e1sico para base de medidor Conectador de cobre para tierra Conectador recto aislado y sin aislar tipo puro \u200bConectador mec\u00e1nico para tierra Conectador bipartido Conectador de perforaci\u00f3n IPC Conectador de perforaci\u00f3n para media tensi\u00f3n hasta 15 kV Multiderivador para l\u00edneas a\u00e9reas de baja tensi\u00f3n [&hellip;]<\/p>\n","protected":false},"author":1,"featured_media":0,"parent":0,"menu_order":0,"comment_status":"closed","ping_status":"closed","template":"","meta":{"site-sidebar-layout":"no-sidebar","site-content-layout":"page-builder","ast-site-content-layout":"","site-content-style":"default","site-sidebar-style":"default","ast-global-header-display":"","ast-banner-title-visibility":"","ast-main-header-display":"","ast-hfb-above-header-display":"","ast-hfb-below-header-display":"","ast-hfb-mobile-header-display":"","site-post-title":"disabled","ast-breadcrumbs-content":"","ast-featured-img":"disabled","footer-sml-layout":"","theme-transparent-header-meta":"default","adv-header-id-meta":"","stick-header-meta":"","header-above-stick-meta":"","header-main-stick-meta":"","header-below-stick-meta":"","astra-migrate-meta-layouts":"default","ast-page-background-enabled":"default","ast-page-background-meta":{"desktop":{"background-color":"var(--ast-global-color-4)","background-image":"","background-repeat":"repeat","background-position":"center center","background-size":"auto","background-attachment":"scroll","background-type":"","background-media":"","overlay-type":"","overlay-color":"","overlay-opacity":"","overlay-gradient":""},"tablet":{"background-color":"","background-image":"","background-repeat":"repeat","background-position":"center center","background-size":"auto","background-attachment":"scroll","background-type":"","background-media":"","overlay-type":"","overlay-color":"","overlay-opacity":"","overlay-gradient":""},"mobile":{"background-color":"","background-image":"","background-repeat":"repeat","background-position":"center center","background-size":"auto","background-attachment":"scroll","background-type":"","background-media":"","overlay-type":"","overlay-color":"","overlay-opacity":"","overlay-gradient":""}},"ast-content-background-meta":{"desktop":{"background-color":"var(--ast-global-color-5)","background-image":"","background-repeat":"repeat","background-position":"center center","background-size":"auto","background-attachment":"scroll","background-type":"","background-media":"","overlay-type":"","overlay-color":"","overlay-opacity":"","overlay-gradient":""},"tablet":{"background-color":"var(--ast-global-color-5)","background-image":"","background-repeat":"repeat","background-position":"center center","background-size":"auto","background-attachment":"scroll","background-type":"","background-media":"","overlay-type":"","overlay-color":"","overlay-opacity":"","overlay-gradient":""},"mobile":{"background-color":"var(--ast-global-color-5)","background-image":"","background-repeat":"repeat","background-position":"center center","background-size":"auto","background-attachment":"scroll","background-type":"","background-media":"","overlay-type":"","overlay-color":"","overlay-opacity":"","overlay-gradient":""}},"footnotes":""},"class_list":["post-1594","page","type-page","status-publish","hentry"],"_links":{"self":[{"href":"https:\/\/coblince.com.mx\/index.php?rest_route=\/wp\/v2\/pages\/1594","targetHints":{"allow":["GET"]}}],"collection":[{"href":"https:\/\/coblince.com.mx\/index.php?rest_route=\/wp\/v2\/pages"}],"about":[{"href":"https:\/\/coblince.com.mx\/index.php?rest_route=\/wp\/v2\/types\/page"}],"author":[{"embeddable":true,"href":"https:\/\/coblince.com.mx\/index.php?rest_route=\/wp\/v2\/users\/1"}],"replies":[{"embeddable":true,"href":"https:\/\/coblince.com.mx\/index.php?rest_route=%2Fwp%2Fv2%2Fcomments&post=1594"}],"version-history":[{"count":25,"href":"https:\/\/coblince.com.mx\/index.php?rest_route=\/wp\/v2\/pages\/1594\/revisions"}],"predecessor-version":[{"id":1929,"href":"https:\/\/coblince.com.mx\/index.php?rest_route=\/wp\/v2\/pages\/1594\/revisions\/1929"}],"wp:attachment":[{"href":"https:\/\/coblince.com.mx\/index.php?rest_route=%2Fwp%2Fv2%2Fmedia&parent=1594"}],"curies":[{"name":"wp","href":"https:\/\/api.w.org\/{rel}","templated":true}]}}