{"id":1598,"date":"2021-11-13T06:19:20","date_gmt":"2021-11-13T06:19:20","guid":{"rendered":"https:\/\/coblince.com.mx\/?page_id=1598"},"modified":"2021-11-21T23:32:42","modified_gmt":"2021-11-21T23:32:42","slug":"sistemas-de-distribucion-de-acometidas","status":"publish","type":"page","link":"https:\/\/coblince.com.mx\/?page_id=1598","title":{"rendered":"SISTEMAS DE DISTRIBUCION DE ACOMETIDAS"},"content":{"rendered":"\t\t<div data-elementor-type=\"wp-page\" data-elementor-id=\"1598\" class=\"elementor elementor-1598\">\n\t\t\t\t\t\t<section class=\"elementor-section elementor-top-section elementor-element elementor-element-142deb9 elementor-section-boxed elementor-section-height-default elementor-section-height-default\" data-id=\"142deb9\" data-element_type=\"section\" data-e-type=\"section\">\n\t\t\t\t\t\t<div class=\"elementor-container elementor-column-gap-default\">\n\t\t\t\t\t<div class=\"elementor-column elementor-col-50 elementor-top-column elementor-element elementor-element-dcf5905\" data-id=\"dcf5905\" data-element_type=\"column\" data-e-type=\"column\">\n\t\t\t<div class=\"elementor-widget-wrap elementor-element-populated\">\n\t\t\t\t\t\t<div class=\"elementor-element elementor-element-9c3b850 elementor-widget elementor-widget-image\" data-id=\"9c3b850\" data-element_type=\"widget\" data-e-type=\"widget\" data-widget_type=\"image.default\">\n\t\t\t\t<div class=\"elementor-widget-container\">\n\t\t\t\t\t\t\t\t\t\t\t\t\t\t\t<img fetchpriority=\"high\" decoding=\"async\" width=\"297\" height=\"213\" src=\"https:\/\/coblince.com.mx\/wp-content\/uploads\/2021\/11\/Edi-01.webp\" class=\"attachment-large size-large wp-image-1871\" alt=\"\" \/>\t\t\t\t\t\t\t\t\t\t\t\t\t\t\t<\/div>\n\t\t\t\t<\/div>\n\t\t\t\t<div class=\"elementor-element elementor-element-18c0ae8 elementor-widget elementor-widget-image\" data-id=\"18c0ae8\" data-element_type=\"widget\" data-e-type=\"widget\" data-widget_type=\"image.default\">\n\t\t\t\t<div class=\"elementor-widget-container\">\n\t\t\t\t\t\t\t\t\t\t\t\t\t\t\t<img decoding=\"async\" width=\"269\" height=\"208\" data-src=\"https:\/\/coblince.com.mx\/wp-content\/uploads\/2021\/11\/Edi-02.webp\" class=\"attachment-large size-large wp-image-1872 lazyload\" alt=\"\" src=\"data:image\/gif;base64,R0lGODlhAQABAAAAACH5BAEKAAEALAAAAAABAAEAAAICTAEAOw==\" style=\"--smush-placeholder-width: 269px; --smush-placeholder-aspect-ratio: 269\/208;\" \/><noscript><img decoding=\"async\" width=\"269\" height=\"208\" src=\"https:\/\/coblince.com.mx\/wp-content\/uploads\/2021\/11\/Edi-02.webp\" class=\"attachment-large size-large wp-image-1872\" alt=\"\" \/><\/noscript>\t\t\t\t\t\t\t\t\t\t\t\t\t\t\t<\/div>\n\t\t\t\t<\/div>\n\t\t\t\t<div class=\"elementor-element elementor-element-2eedf4a elementor-widget elementor-widget-heading\" data-id=\"2eedf4a\" data-element_type=\"widget\" data-e-type=\"widget\" data-widget_type=\"heading.default\">\n\t\t\t\t<div class=\"elementor-widget-container\">\n\t\t\t\t\t<h4 class=\"elementor-heading-title elementor-size-default\">\n\u200bSistema antifraude para conexi\u00f3n de acometidas<\/h4>\t\t\t\t<\/div>\n\t\t\t\t<\/div>\n\t\t\t\t\t<\/div>\n\t\t<\/div>\n\t\t\t\t<div class=\"elementor-column elementor-col-50 elementor-top-column elementor-element elementor-element-c5898a1\" data-id=\"c5898a1\" data-element_type=\"column\" data-e-type=\"column\">\n\t\t\t<div class=\"elementor-widget-wrap elementor-element-populated\">\n\t\t\t\t\t\t<div class=\"elementor-element elementor-element-bfd7de7 elementor-widget elementor-widget-image\" data-id=\"bfd7de7\" data-element_type=\"widget\" data-e-type=\"widget\" data-widget_type=\"image.default\">\n\t\t\t\t<div class=\"elementor-widget-container\">\n\t\t\t\t\t\t\t\t\t\t\t\t\t\t\t<img decoding=\"async\" width=\"247\" height=\"149\" data-src=\"https:\/\/coblince.com.mx\/wp-content\/uploads\/2021\/11\/Edi-04.webp\" class=\"attachment-large size-large wp-image-1873 lazyload\" alt=\"\" src=\"data:image\/gif;base64,R0lGODlhAQABAAAAACH5BAEKAAEALAAAAAABAAEAAAICTAEAOw==\" style=\"--smush-placeholder-width: 247px; --smush-placeholder-aspect-ratio: 247\/149;\" \/><noscript><img decoding=\"async\" width=\"247\" height=\"149\" src=\"https:\/\/coblince.com.mx\/wp-content\/uploads\/2021\/11\/Edi-04.webp\" class=\"attachment-large size-large wp-image-1873\" alt=\"\" \/><\/noscript>\t\t\t\t\t\t\t\t\t\t\t\t\t\t\t<\/div>\n\t\t\t\t<\/div>\n\t\t\t\t<div class=\"elementor-element elementor-element-87ab364 elementor-widget elementor-widget-image\" data-id=\"87ab364\" data-element_type=\"widget\" data-e-type=\"widget\" data-widget_type=\"image.default\">\n\t\t\t\t<div class=\"elementor-widget-container\">\n\t\t\t\t\t\t\t\t\t\t\t\t\t\t\t<img loading=\"lazy\" decoding=\"async\" width=\"259\" height=\"161\" data-src=\"https:\/\/coblince.com.mx\/wp-content\/uploads\/2021\/11\/Edi-05.webp\" class=\"attachment-large size-large wp-image-1874 lazyload\" alt=\"\" src=\"data:image\/gif;base64,R0lGODlhAQABAAAAACH5BAEKAAEALAAAAAABAAEAAAICTAEAOw==\" style=\"--smush-placeholder-width: 259px; --smush-placeholder-aspect-ratio: 259\/161;\" \/><noscript><img loading=\"lazy\" decoding=\"async\" width=\"259\" height=\"161\" src=\"https:\/\/coblince.com.mx\/wp-content\/uploads\/2021\/11\/Edi-05.webp\" class=\"attachment-large size-large wp-image-1874\" alt=\"\" \/><\/noscript>\t\t\t\t\t\t\t\t\t\t\t\t\t\t\t<\/div>\n\t\t\t\t<\/div>\n\t\t\t\t<div class=\"elementor-element elementor-element-be5b3c3 elementor-widget elementor-widget-heading\" data-id=\"be5b3c3\" data-element_type=\"widget\" data-e-type=\"widget\" data-widget_type=\"heading.default\">\n\t\t\t\t<div class=\"elementor-widget-container\">\n\t\t\t\t\t<h4 class=\"elementor-heading-title elementor-size-default\">\u200b\u200b\u200bSistema de gesti\u00f3n remoto de acometidas <\/h4>\t\t\t\t<\/div>\n\t\t\t\t<\/div>\n\t\t\t\t\t<\/div>\n\t\t<\/div>\n\t\t\t\t\t<\/div>\n\t\t<\/section>\n\t\t\t\t<section class=\"elementor-section elementor-top-section elementor-element elementor-element-38e5115 elementor-section-boxed elementor-section-height-default elementor-section-height-default\" data-id=\"38e5115\" data-element_type=\"section\" data-e-type=\"section\">\n\t\t\t\t\t\t<div class=\"elementor-container elementor-column-gap-default\">\n\t\t\t\t\t<div class=\"elementor-column elementor-col-50 elementor-top-column elementor-element elementor-element-a04c444\" data-id=\"a04c444\" data-element_type=\"column\" data-e-type=\"column\">\n\t\t\t<div class=\"elementor-widget-wrap elementor-element-populated\">\n\t\t\t\t\t\t<div class=\"elementor-element elementor-element-e0e07fe elementor-widget elementor-widget-text-editor\" data-id=\"e0e07fe\" data-element_type=\"widget\" data-e-type=\"widget\" data-widget_type=\"text-editor.default\">\n\t\t\t\t<div class=\"elementor-widget-container\">\n\t\t\t\t\t\t\t\t\t<p class=\"font_8\">Es un sistema de conexi\u00f3n directa a la red de baja tensi\u00f3n, que permite realizar acometidas el\u00e9ctricas seguras, evitando as\u00ed las conexiones il\u00edcitas en la red de distribuci\u00f3n.<\/p><p class=\"font_8\">De acuerdo a las necesidades que cada instalaci\u00f3n demanda, el sistema antifraude\u00a0EDI\u00a0est\u00e1 dise\u00f1ado para realizar conexiones de forma segura en redes de distribuci\u00f3n de 2 o 3 fases, ofrece la soluci\u00f3n en conexi\u00f3n de acometidas que van desde los 15 servicios hasta los 27 para redes de 3 fases, mientras que para redes de 2 fases mantenemos la configuraci\u00f3n de 24 servicios (12 servicios por cada barra de fase), por su dise\u00f1o, el sistema antifraude es capaz de alojar servicios monof\u00e1sicos y\/o servicios bif\u00e1sicos.<\/p><p class=\"font_8\">El sistema antifraude EDI por su dise\u00f1o es apropiado para instalarse directamente en el poste a la misma altura de la red secundaria o interpostal.<\/p><p class=\"font_8\">Las barras de fase y neutro utilizadas son bimet\u00e1licas (AlCu electroesta\u00f1ado).\u00a0<\/p><p class=\"font_8\">La barra de conexi\u00f3n a neutro es por medio de una barra corrida que cuenta con una conexi\u00f3n independiente para su alimentaci\u00f3n y con puntos de conexi\u00f3n independientes para las derivaciones.<\/p>\t\t\t\t\t\t\t\t<\/div>\n\t\t\t\t<\/div>\n\t\t\t\t\t<\/div>\n\t\t<\/div>\n\t\t\t\t<div class=\"elementor-column elementor-col-50 elementor-top-column elementor-element elementor-element-b719325\" data-id=\"b719325\" data-element_type=\"column\" data-e-type=\"column\">\n\t\t\t<div class=\"elementor-widget-wrap elementor-element-populated\">\n\t\t\t\t\t\t<div class=\"elementor-element elementor-element-dcbbb08 elementor-widget elementor-widget-text-editor\" data-id=\"dcbbb08\" data-element_type=\"widget\" data-e-type=\"widget\" data-widget_type=\"text-editor.default\">\n\t\t\t\t<div class=\"elementor-widget-container\">\n\t\t\t\t\t\t\t\t\t<p class=\"font_8\">Es un sistema inteligente de concentraci\u00f3n de acometidas en baja tensi\u00f3n que ofrece el corte y reconexi\u00f3n de acometidas v\u00eda remota, sin la necesidad de utilizar hardware adicional, este sistema cuenta con un dise\u00f1o Plug and Play (listo para usarse).<\/p><p class=\"font_8\">Inmediatamente que el sistema se energiza, \u00e9ste comienza a tener comunicaci\u00f3n con el sistema de gesti\u00f3n. Gracias a nuestra avanzada tecnolog\u00eda (IoT) el sistema no requiere de costosos servidores, switches, colectores, routers ni repetidores para lograr la transferencia de la informaci\u00f3n hasta el centro de gesti\u00f3n.<\/p><p class=\"font_8\">Se suministra con todos los medios de conexi\u00f3n el\u00e9ctrica, protecci\u00f3n al dispositivo y sujeci\u00f3n mec\u00e1nica para evitar puntos vulnerables a las conexiones il\u00edcitas.<\/p><p class=\"font_8\">El dispositivo es asegurado por medio de un candado de alta seguridad para impedir la manipulaci\u00f3n no deseada del mismo.<\/p><p class=\"font_8\">El envolvente del sistema SCANTI proporciona protecci\u00f3n contra el medio ambiente a cada uno de los elementos que lo componen y ofrece una conexi\u00f3n el\u00e9ctrica firme entre la red de distribuci\u00f3n a\u00e9rea y hasta la base de medidor de cada usuario.<\/p>\t\t\t\t\t\t\t\t<\/div>\n\t\t\t\t<\/div>\n\t\t\t\t\t<\/div>\n\t\t<\/div>\n\t\t\t\t\t<\/div>\n\t\t<\/section>\n\t\t\t\t<\/div>\n\t\t","protected":false},"excerpt":{"rendered":"<p>\u200bSistema antifraude para conexi\u00f3n de acometidas \u200b\u200b\u200bSistema de gesti\u00f3n remoto de acometidas Es un sistema de conexi\u00f3n directa a la red de baja tensi\u00f3n, que permite realizar acometidas el\u00e9ctricas seguras, evitando as\u00ed las conexiones il\u00edcitas en la red de distribuci\u00f3n. De acuerdo a las necesidades que cada instalaci\u00f3n demanda, el sistema antifraude\u00a0EDI\u00a0est\u00e1 dise\u00f1ado para realizar [&hellip;]<\/p>\n","protected":false},"author":1,"featured_media":0,"parent":0,"menu_order":0,"comment_status":"closed","ping_status":"closed","template":"","meta":{"site-sidebar-layout":"no-sidebar","site-content-layout":"page-builder","ast-site-content-layout":"","site-content-style":"default","site-sidebar-style":"default","ast-global-header-display":"","ast-banner-title-visibility":"","ast-main-header-display":"","ast-hfb-above-header-display":"","ast-hfb-below-header-display":"","ast-hfb-mobile-header-display":"","site-post-title":"disabled","ast-breadcrumbs-content":"","ast-featured-img":"disabled","footer-sml-layout":"","theme-transparent-header-meta":"default","adv-header-id-meta":"","stick-header-meta":"","header-above-stick-meta":"","header-main-stick-meta":"","header-below-stick-meta":"","astra-migrate-meta-layouts":"default","ast-page-background-enabled":"default","ast-page-background-meta":{"desktop":{"background-color":"var(--ast-global-color-4)","background-image":"","background-repeat":"repeat","background-position":"center center","background-size":"auto","background-attachment":"scroll","background-type":"","background-media":"","overlay-type":"","overlay-color":"","overlay-opacity":"","overlay-gradient":""},"tablet":{"background-color":"","background-image":"","background-repeat":"repeat","background-position":"center center","background-size":"auto","background-attachment":"scroll","background-type":"","background-media":"","overlay-type":"","overlay-color":"","overlay-opacity":"","overlay-gradient":""},"mobile":{"background-color":"","background-image":"","background-repeat":"repeat","background-position":"center center","background-size":"auto","background-attachment":"scroll","background-type":"","background-media":"","overlay-type":"","overlay-color":"","overlay-opacity":"","overlay-gradient":""}},"ast-content-background-meta":{"desktop":{"background-color":"var(--ast-global-color-5)","background-image":"","background-repeat":"repeat","background-position":"center center","background-size":"auto","background-attachment":"scroll","background-type":"","background-media":"","overlay-type":"","overlay-color":"","overlay-opacity":"","overlay-gradient":""},"tablet":{"background-color":"var(--ast-global-color-5)","background-image":"","background-repeat":"repeat","background-position":"center center","background-size":"auto","background-attachment":"scroll","background-type":"","background-media":"","overlay-type":"","overlay-color":"","overlay-opacity":"","overlay-gradient":""},"mobile":{"background-color":"var(--ast-global-color-5)","background-image":"","background-repeat":"repeat","background-position":"center center","background-size":"auto","background-attachment":"scroll","background-type":"","background-media":"","overlay-type":"","overlay-color":"","overlay-opacity":"","overlay-gradient":""}},"footnotes":""},"class_list":["post-1598","page","type-page","status-publish","hentry"],"_links":{"self":[{"href":"https:\/\/coblince.com.mx\/index.php?rest_route=\/wp\/v2\/pages\/1598","targetHints":{"allow":["GET"]}}],"collection":[{"href":"https:\/\/coblince.com.mx\/index.php?rest_route=\/wp\/v2\/pages"}],"about":[{"href":"https:\/\/coblince.com.mx\/index.php?rest_route=\/wp\/v2\/types\/page"}],"author":[{"embeddable":true,"href":"https:\/\/coblince.com.mx\/index.php?rest_route=\/wp\/v2\/users\/1"}],"replies":[{"embeddable":true,"href":"https:\/\/coblince.com.mx\/index.php?rest_route=%2Fwp%2Fv2%2Fcomments&post=1598"}],"version-history":[{"count":10,"href":"https:\/\/coblince.com.mx\/index.php?rest_route=\/wp\/v2\/pages\/1598\/revisions"}],"predecessor-version":[{"id":1941,"href":"https:\/\/coblince.com.mx\/index.php?rest_route=\/wp\/v2\/pages\/1598\/revisions\/1941"}],"wp:attachment":[{"href":"https:\/\/coblince.com.mx\/index.php?rest_route=%2Fwp%2Fv2%2Fmedia&parent=1598"}],"curies":[{"name":"wp","href":"https:\/\/api.w.org\/{rel}","templated":true}]}}