{"id":3536,"date":"2022-01-23T02:33:22","date_gmt":"2022-01-23T02:33:22","guid":{"rendered":"https:\/\/coblince.com.mx\/?page_id=3536"},"modified":"2022-01-23T20:08:58","modified_gmt":"2022-01-23T20:08:58","slug":"elementor-3536","status":"publish","type":"page","link":"https:\/\/coblince.com.mx\/?page_id=3536","title":{"rendered":"BELDEN cable Ethernet"},"content":{"rendered":"\t\t<div data-elementor-type=\"wp-page\" data-elementor-id=\"3536\" class=\"elementor elementor-3536\">\n\t\t\t\t\t\t<section class=\"elementor-section elementor-top-section elementor-element elementor-element-b2f447b elementor-section-boxed elementor-section-height-default elementor-section-height-default\" data-id=\"b2f447b\" data-element_type=\"section\" data-e-type=\"section\">\n\t\t\t\t\t\t<div class=\"elementor-container elementor-column-gap-default\">\n\t\t\t\t\t<div class=\"elementor-column elementor-col-25 elementor-top-column elementor-element elementor-element-6b5e68a\" data-id=\"6b5e68a\" data-element_type=\"column\" data-e-type=\"column\">\n\t\t\t<div class=\"elementor-widget-wrap elementor-element-populated\">\n\t\t\t\t\t\t<div class=\"elementor-element elementor-element-9b51980 elementor-widget elementor-widget-image\" data-id=\"9b51980\" data-element_type=\"widget\" data-e-type=\"widget\" data-widget_type=\"image.default\">\n\t\t\t\t<div class=\"elementor-widget-container\">\n\t\t\t\t\t\t\t\t\t\t\t\t\t\t\t<img fetchpriority=\"high\" decoding=\"async\" width=\"330\" height=\"294\" src=\"https:\/\/coblince.com.mx\/wp-content\/uploads\/2022\/01\/Belden-Cat5e-Cables-Family-Fanout.jpg\" class=\"attachment-large size-large wp-image-3542\" alt=\"\" \/>\t\t\t\t\t\t\t\t\t\t\t\t\t\t\t<\/div>\n\t\t\t\t<\/div>\n\t\t\t\t<div class=\"elementor-element elementor-element-b14b030 elementor-widget elementor-widget-heading\" data-id=\"b14b030\" data-element_type=\"widget\" data-e-type=\"widget\" data-widget_type=\"heading.default\">\n\t\t\t\t<div class=\"elementor-widget-container\">\n\t\t\t\t\t<h6 class=\"elementor-heading-title elementor-size-default\">Cable de categor\u00eda 5e<\/h6>\t\t\t\t<\/div>\n\t\t\t\t<\/div>\n\t\t\t\t\t<\/div>\n\t\t<\/div>\n\t\t\t\t<div class=\"elementor-column elementor-col-25 elementor-top-column elementor-element elementor-element-5af04b0\" data-id=\"5af04b0\" data-element_type=\"column\" data-e-type=\"column\">\n\t\t\t<div class=\"elementor-widget-wrap elementor-element-populated\">\n\t\t\t\t\t\t<div class=\"elementor-element elementor-element-0d90223 elementor-widget elementor-widget-image\" data-id=\"0d90223\" data-element_type=\"widget\" data-e-type=\"widget\" data-widget_type=\"image.default\">\n\t\t\t\t<div class=\"elementor-widget-container\">\n\t\t\t\t\t\t\t\t\t\t\t\t\t\t\t<img decoding=\"async\" width=\"330\" height=\"294\" data-src=\"https:\/\/coblince.com.mx\/wp-content\/uploads\/2022\/01\/Belden-Cat6-Cables-Family-Fanout.jpg\" class=\"attachment-large size-large wp-image-3544 lazyload\" alt=\"\" src=\"data:image\/gif;base64,R0lGODlhAQABAAAAACH5BAEKAAEALAAAAAABAAEAAAICTAEAOw==\" style=\"--smush-placeholder-width: 330px; --smush-placeholder-aspect-ratio: 330\/294;\" \/><noscript><img decoding=\"async\" width=\"330\" height=\"294\" src=\"https:\/\/coblince.com.mx\/wp-content\/uploads\/2022\/01\/Belden-Cat6-Cables-Family-Fanout.jpg\" class=\"attachment-large size-large wp-image-3544\" alt=\"\" \/><\/noscript>\t\t\t\t\t\t\t\t\t\t\t\t\t\t\t<\/div>\n\t\t\t\t<\/div>\n\t\t\t\t<div class=\"elementor-element elementor-element-49b606a elementor-widget elementor-widget-heading\" data-id=\"49b606a\" data-element_type=\"widget\" data-e-type=\"widget\" data-widget_type=\"heading.default\">\n\t\t\t\t<div class=\"elementor-widget-container\">\n\t\t\t\t\t<h6 class=\"elementor-heading-title elementor-size-default\">Cable de categor\u00eda 6<\/h6>\t\t\t\t<\/div>\n\t\t\t\t<\/div>\n\t\t\t\t\t<\/div>\n\t\t<\/div>\n\t\t\t\t<div class=\"elementor-column elementor-col-25 elementor-top-column elementor-element elementor-element-da15e7d\" data-id=\"da15e7d\" data-element_type=\"column\" data-e-type=\"column\">\n\t\t\t<div class=\"elementor-widget-wrap elementor-element-populated\">\n\t\t\t\t\t\t<div class=\"elementor-element elementor-element-9eb6e67 elementor-widget elementor-widget-image\" data-id=\"9eb6e67\" data-element_type=\"widget\" data-e-type=\"widget\" data-widget_type=\"image.default\">\n\t\t\t\t<div class=\"elementor-widget-container\">\n\t\t\t\t\t\t\t\t\t\t\t\t\t\t\t<img decoding=\"async\" width=\"330\" height=\"294\" data-src=\"https:\/\/coblince.com.mx\/wp-content\/uploads\/2022\/01\/Belden-Cat6A-Cables-Family-Fanout.jpg\" class=\"attachment-large size-large wp-image-3545 lazyload\" alt=\"\" src=\"data:image\/gif;base64,R0lGODlhAQABAAAAACH5BAEKAAEALAAAAAABAAEAAAICTAEAOw==\" style=\"--smush-placeholder-width: 330px; --smush-placeholder-aspect-ratio: 330\/294;\" \/><noscript><img decoding=\"async\" width=\"330\" height=\"294\" src=\"https:\/\/coblince.com.mx\/wp-content\/uploads\/2022\/01\/Belden-Cat6A-Cables-Family-Fanout.jpg\" class=\"attachment-large size-large wp-image-3545\" alt=\"\" \/><\/noscript>\t\t\t\t\t\t\t\t\t\t\t\t\t\t\t<\/div>\n\t\t\t\t<\/div>\n\t\t\t\t<div class=\"elementor-element elementor-element-83c6714 elementor-widget elementor-widget-heading\" data-id=\"83c6714\" data-element_type=\"widget\" data-e-type=\"widget\" data-widget_type=\"heading.default\">\n\t\t\t\t<div class=\"elementor-widget-container\">\n\t\t\t\t\t<h6 class=\"elementor-heading-title elementor-size-default\">Cable de categor\u00eda 6A<\/h6>\t\t\t\t<\/div>\n\t\t\t\t<\/div>\n\t\t\t\t\t<\/div>\n\t\t<\/div>\n\t\t\t\t<div class=\"elementor-column elementor-col-25 elementor-top-column elementor-element elementor-element-37ba616\" data-id=\"37ba616\" data-element_type=\"column\" data-e-type=\"column\">\n\t\t\t<div class=\"elementor-widget-wrap elementor-element-populated\">\n\t\t\t\t\t\t<div class=\"elementor-element elementor-element-63ed204 elementor-widget elementor-widget-image\" data-id=\"63ed204\" data-element_type=\"widget\" data-e-type=\"widget\" data-widget_type=\"image.default\">\n\t\t\t\t<div class=\"elementor-widget-container\">\n\t\t\t\t\t\t\t\t\t\t\t\t\t\t\t<img loading=\"lazy\" decoding=\"async\" width=\"330\" height=\"330\" data-src=\"https:\/\/coblince.com.mx\/wp-content\/uploads\/2022\/01\/Belden-Cat7-Cable.jpg\" class=\"attachment-large size-large wp-image-3546 lazyload\" alt=\"\" data-srcset=\"https:\/\/coblince.com.mx\/wp-content\/uploads\/2022\/01\/Belden-Cat7-Cable.jpg 330w, https:\/\/coblince.com.mx\/wp-content\/uploads\/2022\/01\/Belden-Cat7-Cable-300x300.jpg 300w\" data-sizes=\"(max-width: 330px) 100vw, 330px\" src=\"data:image\/gif;base64,R0lGODlhAQABAAAAACH5BAEKAAEALAAAAAABAAEAAAICTAEAOw==\" style=\"--smush-placeholder-width: 330px; --smush-placeholder-aspect-ratio: 330\/330;\" \/><noscript><img loading=\"lazy\" decoding=\"async\" width=\"330\" height=\"330\" src=\"https:\/\/coblince.com.mx\/wp-content\/uploads\/2022\/01\/Belden-Cat7-Cable.jpg\" class=\"attachment-large size-large wp-image-3546\" alt=\"\" srcset=\"https:\/\/coblince.com.mx\/wp-content\/uploads\/2022\/01\/Belden-Cat7-Cable.jpg 330w, https:\/\/coblince.com.mx\/wp-content\/uploads\/2022\/01\/Belden-Cat7-Cable-300x300.jpg 300w\" sizes=\"(max-width: 330px) 100vw, 330px\" \/><\/noscript>\t\t\t\t\t\t\t\t\t\t\t\t\t\t\t<\/div>\n\t\t\t\t<\/div>\n\t\t\t\t<div class=\"elementor-element elementor-element-8b6c0c2 elementor-widget elementor-widget-heading\" data-id=\"8b6c0c2\" data-element_type=\"widget\" data-e-type=\"widget\" data-widget_type=\"heading.default\">\n\t\t\t\t<div class=\"elementor-widget-container\">\n\t\t\t\t\t<h6 class=\"elementor-heading-title elementor-size-default\">Cable de categor\u00eda 7<\/h6>\t\t\t\t<\/div>\n\t\t\t\t<\/div>\n\t\t\t\t\t<\/div>\n\t\t<\/div>\n\t\t\t\t\t<\/div>\n\t\t<\/section>\n\t\t\t\t<\/div>\n\t\t","protected":false},"excerpt":{"rendered":"<p>Cable de categor\u00eda 5e Cable de categor\u00eda 6 Cable de categor\u00eda 6A Cable de categor\u00eda 7<\/p>\n","protected":false},"author":1,"featured_media":0,"parent":0,"menu_order":0,"comment_status":"closed","ping_status":"closed","template":"","meta":{"site-sidebar-layout":"no-sidebar","site-content-layout":"page-builder","ast-site-content-layout":"","site-content-style":"default","site-sidebar-style":"default","ast-global-header-display":"","ast-banner-title-visibility":"","ast-main-header-display":"","ast-hfb-above-header-display":"","ast-hfb-below-header-display":"","ast-hfb-mobile-header-display":"","site-post-title":"disabled","ast-breadcrumbs-content":"","ast-featured-img":"disabled","footer-sml-layout":"","theme-transparent-header-meta":"","adv-header-id-meta":"","stick-header-meta":"","header-above-stick-meta":"","header-main-stick-meta":"","header-below-stick-meta":"","astra-migrate-meta-layouts":"default","ast-page-background-enabled":"default","ast-page-background-meta":{"desktop":{"background-color":"var(--ast-global-color-4)","background-image":"","background-repeat":"repeat","background-position":"center center","background-size":"auto","background-attachment":"scroll","background-type":"","background-media":"","overlay-type":"","overlay-color":"","overlay-opacity":"","overlay-gradient":""},"tablet":{"background-color":"","background-image":"","background-repeat":"repeat","background-position":"center center","background-size":"auto","background-attachment":"scroll","background-type":"","background-media":"","overlay-type":"","overlay-color":"","overlay-opacity":"","overlay-gradient":""},"mobile":{"background-color":"","background-image":"","background-repeat":"repeat","background-position":"center center","background-size":"auto","background-attachment":"scroll","background-type":"","background-media":"","overlay-type":"","overlay-color":"","overlay-opacity":"","overlay-gradient":""}},"ast-content-background-meta":{"desktop":{"background-color":"var(--ast-global-color-5)","background-image":"","background-repeat":"repeat","background-position":"center center","background-size":"auto","background-attachment":"scroll","background-type":"","background-media":"","overlay-type":"","overlay-color":"","overlay-opacity":"","overlay-gradient":""},"tablet":{"background-color":"var(--ast-global-color-5)","background-image":"","background-repeat":"repeat","background-position":"center center","background-size":"auto","background-attachment":"scroll","background-type":"","background-media":"","overlay-type":"","overlay-color":"","overlay-opacity":"","overlay-gradient":""},"mobile":{"background-color":"var(--ast-global-color-5)","background-image":"","background-repeat":"repeat","background-position":"center center","background-size":"auto","background-attachment":"scroll","background-type":"","background-media":"","overlay-type":"","overlay-color":"","overlay-opacity":"","overlay-gradient":""}},"footnotes":""},"class_list":["post-3536","page","type-page","status-publish","hentry"],"_links":{"self":[{"href":"https:\/\/coblince.com.mx\/index.php?rest_route=\/wp\/v2\/pages\/3536","targetHints":{"allow":["GET"]}}],"collection":[{"href":"https:\/\/coblince.com.mx\/index.php?rest_route=\/wp\/v2\/pages"}],"about":[{"href":"https:\/\/coblince.com.mx\/index.php?rest_route=\/wp\/v2\/types\/page"}],"author":[{"embeddable":true,"href":"https:\/\/coblince.com.mx\/index.php?rest_route=\/wp\/v2\/users\/1"}],"replies":[{"embeddable":true,"href":"https:\/\/coblince.com.mx\/index.php?rest_route=%2Fwp%2Fv2%2Fcomments&post=3536"}],"version-history":[{"count":9,"href":"https:\/\/coblince.com.mx\/index.php?rest_route=\/wp\/v2\/pages\/3536\/revisions"}],"predecessor-version":[{"id":3610,"href":"https:\/\/coblince.com.mx\/index.php?rest_route=\/wp\/v2\/pages\/3536\/revisions\/3610"}],"wp:attachment":[{"href":"https:\/\/coblince.com.mx\/index.php?rest_route=%2Fwp%2Fv2%2Fmedia&parent=3536"}],"curies":[{"name":"wp","href":"https:\/\/api.w.org\/{rel}","templated":true}]}}