{"id":3667,"date":"2022-01-24T01:02:27","date_gmt":"2022-01-24T01:02:27","guid":{"rendered":"https:\/\/coblince.com.mx\/?page_id=3667"},"modified":"2022-01-24T01:44:19","modified_gmt":"2022-01-24T01:44:19","slug":"belden-coaxial-triaxial","status":"publish","type":"page","link":"https:\/\/coblince.com.mx\/?page_id=3667","title":{"rendered":"Belden coaxial-triaxial"},"content":{"rendered":"\t\t<div data-elementor-type=\"wp-page\" data-elementor-id=\"3667\" class=\"elementor elementor-3667\">\n\t\t\t\t\t\t<section class=\"elementor-section elementor-top-section elementor-element elementor-element-cc28a4c elementor-section-boxed elementor-section-height-default elementor-section-height-default\" data-id=\"cc28a4c\" data-element_type=\"section\" data-e-type=\"section\">\n\t\t\t\t\t\t<div class=\"elementor-container elementor-column-gap-default\">\n\t\t\t\t\t<div class=\"elementor-column elementor-col-25 elementor-top-column elementor-element elementor-element-c78865c\" data-id=\"c78865c\" data-element_type=\"column\" data-e-type=\"column\">\n\t\t\t<div class=\"elementor-widget-wrap elementor-element-populated\">\n\t\t\t\t\t\t<div class=\"elementor-element elementor-element-9cb533b elementor-widget elementor-widget-image\" data-id=\"9cb533b\" data-element_type=\"widget\" data-e-type=\"widget\" data-widget_type=\"image.default\">\n\t\t\t\t<div class=\"elementor-widget-container\">\n\t\t\t\t\t\t\t\t\t\t\t\t\t\t\t<img fetchpriority=\"high\" decoding=\"async\" width=\"330\" height=\"330\" src=\"https:\/\/coblince.com.mx\/wp-content\/uploads\/2022\/01\/Belden-Coax-50-Ohm-Cables-Family-Fanout-1.jpg\" class=\"attachment-large size-large wp-image-3685\" alt=\"\" srcset=\"https:\/\/coblince.com.mx\/wp-content\/uploads\/2022\/01\/Belden-Coax-50-Ohm-Cables-Family-Fanout-1.jpg 330w, https:\/\/coblince.com.mx\/wp-content\/uploads\/2022\/01\/Belden-Coax-50-Ohm-Cables-Family-Fanout-1-300x300.jpg 300w\" sizes=\"(max-width: 330px) 100vw, 330px\" \/>\t\t\t\t\t\t\t\t\t\t\t\t\t\t\t<\/div>\n\t\t\t\t<\/div>\n\t\t\t\t<div class=\"elementor-element elementor-element-4268c08 elementor-widget elementor-widget-heading\" data-id=\"4268c08\" data-element_type=\"widget\" data-e-type=\"widget\" data-widget_type=\"heading.default\">\n\t\t\t\t<div class=\"elementor-widget-container\">\n\t\t\t\t\t<h6 class=\"elementor-heading-title elementor-size-default\">Cable coaxial de 50 ohmios<\/h6>\t\t\t\t<\/div>\n\t\t\t\t<\/div>\n\t\t\t\t\t<\/div>\n\t\t<\/div>\n\t\t\t\t<div class=\"elementor-column elementor-col-25 elementor-top-column elementor-element elementor-element-9255133\" data-id=\"9255133\" data-element_type=\"column\" data-e-type=\"column\">\n\t\t\t<div class=\"elementor-widget-wrap elementor-element-populated\">\n\t\t\t\t\t\t<div class=\"elementor-element elementor-element-6f55987 elementor-widget elementor-widget-image\" data-id=\"6f55987\" data-element_type=\"widget\" data-e-type=\"widget\" data-widget_type=\"image.default\">\n\t\t\t\t<div class=\"elementor-widget-container\">\n\t\t\t\t\t\t\t\t\t\t\t\t\t\t\t<img decoding=\"async\" width=\"330\" height=\"330\" data-src=\"https:\/\/coblince.com.mx\/wp-content\/uploads\/2022\/01\/Belden-Coax-75-Ohm-Cables-Family-Fanout.jpg\" class=\"attachment-large size-large wp-image-3683 lazyload\" alt=\"\" data-srcset=\"https:\/\/coblince.com.mx\/wp-content\/uploads\/2022\/01\/Belden-Coax-75-Ohm-Cables-Family-Fanout.jpg 330w, https:\/\/coblince.com.mx\/wp-content\/uploads\/2022\/01\/Belden-Coax-75-Ohm-Cables-Family-Fanout-300x300.jpg 300w\" data-sizes=\"(max-width: 330px) 100vw, 330px\" src=\"data:image\/gif;base64,R0lGODlhAQABAAAAACH5BAEKAAEALAAAAAABAAEAAAICTAEAOw==\" style=\"--smush-placeholder-width: 330px; --smush-placeholder-aspect-ratio: 330\/330;\" \/><noscript><img decoding=\"async\" width=\"330\" height=\"330\" src=\"https:\/\/coblince.com.mx\/wp-content\/uploads\/2022\/01\/Belden-Coax-75-Ohm-Cables-Family-Fanout.jpg\" class=\"attachment-large size-large wp-image-3683\" alt=\"\" srcset=\"https:\/\/coblince.com.mx\/wp-content\/uploads\/2022\/01\/Belden-Coax-75-Ohm-Cables-Family-Fanout.jpg 330w, https:\/\/coblince.com.mx\/wp-content\/uploads\/2022\/01\/Belden-Coax-75-Ohm-Cables-Family-Fanout-300x300.jpg 300w\" sizes=\"(max-width: 330px) 100vw, 330px\" \/><\/noscript>\t\t\t\t\t\t\t\t\t\t\t\t\t\t\t<\/div>\n\t\t\t\t<\/div>\n\t\t\t\t<div class=\"elementor-element elementor-element-e4e3040 elementor-widget elementor-widget-heading\" data-id=\"e4e3040\" data-element_type=\"widget\" data-e-type=\"widget\" data-widget_type=\"heading.default\">\n\t\t\t\t<div class=\"elementor-widget-container\">\n\t\t\t\t\t<h6 class=\"elementor-heading-title elementor-size-default\">Cable coaxial de 75 ohmios<\/h6>\t\t\t\t<\/div>\n\t\t\t\t<\/div>\n\t\t\t\t\t<\/div>\n\t\t<\/div>\n\t\t\t\t<div class=\"elementor-column elementor-col-25 elementor-top-column elementor-element elementor-element-e4dec16\" data-id=\"e4dec16\" data-element_type=\"column\" data-e-type=\"column\">\n\t\t\t<div class=\"elementor-widget-wrap elementor-element-populated\">\n\t\t\t\t\t\t<div class=\"elementor-element elementor-element-af9e390 elementor-widget elementor-widget-image\" data-id=\"af9e390\" data-element_type=\"widget\" data-e-type=\"widget\" data-widget_type=\"image.default\">\n\t\t\t\t<div class=\"elementor-widget-container\">\n\t\t\t\t\t\t\t\t\t\t\t\t\t\t\t<img decoding=\"async\" width=\"330\" height=\"294\" data-src=\"https:\/\/coblince.com.mx\/wp-content\/uploads\/2022\/01\/Belden-CATV-Cables-Family-Fanout.jpg\" class=\"attachment-large size-large wp-image-3682 lazyload\" alt=\"\" src=\"data:image\/gif;base64,R0lGODlhAQABAAAAACH5BAEKAAEALAAAAAABAAEAAAICTAEAOw==\" style=\"--smush-placeholder-width: 330px; --smush-placeholder-aspect-ratio: 330\/294;\" \/><noscript><img decoding=\"async\" width=\"330\" height=\"294\" src=\"https:\/\/coblince.com.mx\/wp-content\/uploads\/2022\/01\/Belden-CATV-Cables-Family-Fanout.jpg\" class=\"attachment-large size-large wp-image-3682\" alt=\"\" \/><\/noscript>\t\t\t\t\t\t\t\t\t\t\t\t\t\t\t<\/div>\n\t\t\t\t<\/div>\n\t\t\t\t<div class=\"elementor-element elementor-element-329574c elementor-widget elementor-widget-heading\" data-id=\"329574c\" data-element_type=\"widget\" data-e-type=\"widget\" data-widget_type=\"heading.default\">\n\t\t\t\t<div class=\"elementor-widget-container\">\n\t\t\t\t\t<h6 class=\"elementor-heading-title elementor-size-default\">Cable coaxial de transmisi\u00f3n y sat\u00e9lite<\/h6>\t\t\t\t<\/div>\n\t\t\t\t<\/div>\n\t\t\t\t\t<\/div>\n\t\t<\/div>\n\t\t\t\t<div class=\"elementor-column elementor-col-25 elementor-top-column elementor-element elementor-element-1116b0c\" data-id=\"1116b0c\" data-element_type=\"column\" data-e-type=\"column\">\n\t\t\t<div class=\"elementor-widget-wrap elementor-element-populated\">\n\t\t\t\t\t\t<div class=\"elementor-element elementor-element-a651be4 elementor-widget elementor-widget-image\" data-id=\"a651be4\" data-element_type=\"widget\" data-e-type=\"widget\" data-widget_type=\"image.default\">\n\t\t\t\t<div class=\"elementor-widget-container\">\n\t\t\t\t\t\t\t\t\t\t\t\t\t\t\t<img loading=\"lazy\" decoding=\"async\" width=\"330\" height=\"330\" data-src=\"https:\/\/coblince.com.mx\/wp-content\/uploads\/2022\/01\/Belden-Triax-Cables-Family-Fanout.jpg\" class=\"attachment-large size-large wp-image-3681 lazyload\" alt=\"\" data-srcset=\"https:\/\/coblince.com.mx\/wp-content\/uploads\/2022\/01\/Belden-Triax-Cables-Family-Fanout.jpg 330w, https:\/\/coblince.com.mx\/wp-content\/uploads\/2022\/01\/Belden-Triax-Cables-Family-Fanout-300x300.jpg 300w\" data-sizes=\"(max-width: 330px) 100vw, 330px\" src=\"data:image\/gif;base64,R0lGODlhAQABAAAAACH5BAEKAAEALAAAAAABAAEAAAICTAEAOw==\" style=\"--smush-placeholder-width: 330px; --smush-placeholder-aspect-ratio: 330\/330;\" \/><noscript><img loading=\"lazy\" decoding=\"async\" width=\"330\" height=\"330\" src=\"https:\/\/coblince.com.mx\/wp-content\/uploads\/2022\/01\/Belden-Triax-Cables-Family-Fanout.jpg\" class=\"attachment-large size-large wp-image-3681\" alt=\"\" srcset=\"https:\/\/coblince.com.mx\/wp-content\/uploads\/2022\/01\/Belden-Triax-Cables-Family-Fanout.jpg 330w, https:\/\/coblince.com.mx\/wp-content\/uploads\/2022\/01\/Belden-Triax-Cables-Family-Fanout-300x300.jpg 300w\" sizes=\"(max-width: 330px) 100vw, 330px\" \/><\/noscript>\t\t\t\t\t\t\t\t\t\t\t\t\t\t\t<\/div>\n\t\t\t\t<\/div>\n\t\t\t\t<div class=\"elementor-element elementor-element-eb19ff8 elementor-widget elementor-widget-heading\" data-id=\"eb19ff8\" data-element_type=\"widget\" data-e-type=\"widget\" data-widget_type=\"heading.default\">\n\t\t\t\t<div class=\"elementor-widget-container\">\n\t\t\t\t\t<h6 class=\"elementor-heading-title elementor-size-default\">Cable triaxial<\/h6>\t\t\t\t<\/div>\n\t\t\t\t<\/div>\n\t\t\t\t\t<\/div>\n\t\t<\/div>\n\t\t\t\t\t<\/div>\n\t\t<\/section>\n\t\t\t\t<section class=\"elementor-section elementor-top-section elementor-element elementor-element-ac37cab elementor-section-boxed elementor-section-height-default elementor-section-height-default\" data-id=\"ac37cab\" data-element_type=\"section\" data-e-type=\"section\">\n\t\t\t\t\t\t<div class=\"elementor-container elementor-column-gap-default\">\n\t\t\t\t\t<div class=\"elementor-column elementor-col-25 elementor-top-column elementor-element elementor-element-90ac345\" data-id=\"90ac345\" data-element_type=\"column\" data-e-type=\"column\">\n\t\t\t<div class=\"elementor-widget-wrap elementor-element-populated\">\n\t\t\t\t\t\t<div class=\"elementor-element elementor-element-172d7d9 elementor-widget elementor-widget-image\" data-id=\"172d7d9\" data-element_type=\"widget\" data-e-type=\"widget\" data-widget_type=\"image.default\">\n\t\t\t\t<div class=\"elementor-widget-container\">\n\t\t\t\t\t\t\t\t\t\t\t\t\t\t\t<img loading=\"lazy\" decoding=\"async\" width=\"330\" height=\"294\" data-src=\"https:\/\/coblince.com.mx\/wp-content\/uploads\/2022\/01\/Belden-CCTV-Cables-Family-Fanout-1.jpg\" class=\"attachment-large size-large wp-image-3684 lazyload\" alt=\"\" src=\"data:image\/gif;base64,R0lGODlhAQABAAAAACH5BAEKAAEALAAAAAABAAEAAAICTAEAOw==\" style=\"--smush-placeholder-width: 330px; --smush-placeholder-aspect-ratio: 330\/294;\" \/><noscript><img loading=\"lazy\" decoding=\"async\" width=\"330\" height=\"294\" src=\"https:\/\/coblince.com.mx\/wp-content\/uploads\/2022\/01\/Belden-CCTV-Cables-Family-Fanout-1.jpg\" class=\"attachment-large size-large wp-image-3684\" alt=\"\" \/><\/noscript>\t\t\t\t\t\t\t\t\t\t\t\t\t\t\t<\/div>\n\t\t\t\t<\/div>\n\t\t\t\t<div class=\"elementor-element elementor-element-a1a4c09 elementor-widget elementor-widget-heading\" data-id=\"a1a4c09\" data-element_type=\"widget\" data-e-type=\"widget\" data-widget_type=\"heading.default\">\n\t\t\t\t<div class=\"elementor-widget-container\">\n\t\t\t\t\t<h6 class=\"elementor-heading-title elementor-size-default\">Circuito cerrado de televisi\u00f3n y cable de seguridad<\/h6>\t\t\t\t<\/div>\n\t\t\t\t<\/div>\n\t\t\t\t\t<\/div>\n\t\t<\/div>\n\t\t\t\t<div class=\"elementor-column elementor-col-25 elementor-top-column elementor-element elementor-element-af09972\" data-id=\"af09972\" data-element_type=\"column\" data-e-type=\"column\">\n\t\t\t<div class=\"elementor-widget-wrap elementor-element-populated\">\n\t\t\t\t\t\t<div class=\"elementor-element elementor-element-66a70c3 elementor-widget elementor-widget-image\" data-id=\"66a70c3\" data-element_type=\"widget\" data-e-type=\"widget\" data-widget_type=\"image.default\">\n\t\t\t\t<div class=\"elementor-widget-container\">\n\t\t\t\t\t\t\t\t\t\t\t\t\t\t\t<img loading=\"lazy\" decoding=\"async\" width=\"330\" height=\"330\" data-src=\"https:\/\/coblince.com.mx\/wp-content\/uploads\/2022\/01\/Belden-Coax-RG-6-Cables-Family-Fanout.jpg\" class=\"attachment-large size-large wp-image-3680 lazyload\" alt=\"\" data-srcset=\"https:\/\/coblince.com.mx\/wp-content\/uploads\/2022\/01\/Belden-Coax-RG-6-Cables-Family-Fanout.jpg 330w, https:\/\/coblince.com.mx\/wp-content\/uploads\/2022\/01\/Belden-Coax-RG-6-Cables-Family-Fanout-300x300.jpg 300w\" data-sizes=\"(max-width: 330px) 100vw, 330px\" src=\"data:image\/gif;base64,R0lGODlhAQABAAAAACH5BAEKAAEALAAAAAABAAEAAAICTAEAOw==\" style=\"--smush-placeholder-width: 330px; --smush-placeholder-aspect-ratio: 330\/330;\" \/><noscript><img loading=\"lazy\" decoding=\"async\" width=\"330\" height=\"330\" src=\"https:\/\/coblince.com.mx\/wp-content\/uploads\/2022\/01\/Belden-Coax-RG-6-Cables-Family-Fanout.jpg\" class=\"attachment-large size-large wp-image-3680\" alt=\"\" srcset=\"https:\/\/coblince.com.mx\/wp-content\/uploads\/2022\/01\/Belden-Coax-RG-6-Cables-Family-Fanout.jpg 330w, https:\/\/coblince.com.mx\/wp-content\/uploads\/2022\/01\/Belden-Coax-RG-6-Cables-Family-Fanout-300x300.jpg 300w\" sizes=\"(max-width: 330px) 100vw, 330px\" \/><\/noscript>\t\t\t\t\t\t\t\t\t\t\t\t\t\t\t<\/div>\n\t\t\t\t<\/div>\n\t\t\t\t<div class=\"elementor-element elementor-element-cc0f076 elementor-widget elementor-widget-heading\" data-id=\"cc0f076\" data-element_type=\"widget\" data-e-type=\"widget\" data-widget_type=\"heading.default\">\n\t\t\t\t<div class=\"elementor-widget-container\">\n\t\t\t\t\t<h6 class=\"elementor-heading-title elementor-size-default\">Cable coaxial RG6<\/h6>\t\t\t\t<\/div>\n\t\t\t\t<\/div>\n\t\t\t\t\t<\/div>\n\t\t<\/div>\n\t\t\t\t<div class=\"elementor-column elementor-col-25 elementor-top-column elementor-element elementor-element-3636c81\" data-id=\"3636c81\" data-element_type=\"column\" data-e-type=\"column\">\n\t\t\t<div class=\"elementor-widget-wrap elementor-element-populated\">\n\t\t\t\t\t\t<div class=\"elementor-element elementor-element-3b9ff51 elementor-widget elementor-widget-image\" data-id=\"3b9ff51\" data-element_type=\"widget\" data-e-type=\"widget\" data-widget_type=\"image.default\">\n\t\t\t\t<div class=\"elementor-widget-container\">\n\t\t\t\t\t\t\t\t\t\t\t\t\t\t\t<img loading=\"lazy\" decoding=\"async\" width=\"330\" height=\"330\" data-src=\"https:\/\/coblince.com.mx\/wp-content\/uploads\/2022\/01\/Belden-Coax-RG-11-Cables-Family-Fanout-1.jpg\" class=\"attachment-large size-large wp-image-3677 lazyload\" alt=\"\" data-srcset=\"https:\/\/coblince.com.mx\/wp-content\/uploads\/2022\/01\/Belden-Coax-RG-11-Cables-Family-Fanout-1.jpg 330w, https:\/\/coblince.com.mx\/wp-content\/uploads\/2022\/01\/Belden-Coax-RG-11-Cables-Family-Fanout-1-300x300.jpg 300w\" data-sizes=\"(max-width: 330px) 100vw, 330px\" src=\"data:image\/gif;base64,R0lGODlhAQABAAAAACH5BAEKAAEALAAAAAABAAEAAAICTAEAOw==\" style=\"--smush-placeholder-width: 330px; --smush-placeholder-aspect-ratio: 330\/330;\" \/><noscript><img loading=\"lazy\" decoding=\"async\" width=\"330\" height=\"330\" src=\"https:\/\/coblince.com.mx\/wp-content\/uploads\/2022\/01\/Belden-Coax-RG-11-Cables-Family-Fanout-1.jpg\" class=\"attachment-large size-large wp-image-3677\" alt=\"\" srcset=\"https:\/\/coblince.com.mx\/wp-content\/uploads\/2022\/01\/Belden-Coax-RG-11-Cables-Family-Fanout-1.jpg 330w, https:\/\/coblince.com.mx\/wp-content\/uploads\/2022\/01\/Belden-Coax-RG-11-Cables-Family-Fanout-1-300x300.jpg 300w\" sizes=\"(max-width: 330px) 100vw, 330px\" \/><\/noscript>\t\t\t\t\t\t\t\t\t\t\t\t\t\t\t<\/div>\n\t\t\t\t<\/div>\n\t\t\t\t<div class=\"elementor-element elementor-element-dad9b28 elementor-widget elementor-widget-heading\" data-id=\"dad9b28\" data-element_type=\"widget\" data-e-type=\"widget\" data-widget_type=\"heading.default\">\n\t\t\t\t<div class=\"elementor-widget-container\">\n\t\t\t\t\t<h6 class=\"elementor-heading-title elementor-size-default\">Cable coaxial RG11<\/h6>\t\t\t\t<\/div>\n\t\t\t\t<\/div>\n\t\t\t\t\t<\/div>\n\t\t<\/div>\n\t\t\t\t<div class=\"elementor-column elementor-col-25 elementor-top-column elementor-element elementor-element-93cda01\" data-id=\"93cda01\" data-element_type=\"column\" data-e-type=\"column\">\n\t\t\t<div class=\"elementor-widget-wrap elementor-element-populated\">\n\t\t\t\t\t\t<div class=\"elementor-element elementor-element-2e9194c elementor-widget elementor-widget-image\" data-id=\"2e9194c\" data-element_type=\"widget\" data-e-type=\"widget\" data-widget_type=\"image.default\">\n\t\t\t\t<div class=\"elementor-widget-container\">\n\t\t\t\t\t\t\t\t\t\t\t\t\t\t\t<img loading=\"lazy\" decoding=\"async\" width=\"330\" height=\"330\" data-src=\"https:\/\/coblince.com.mx\/wp-content\/uploads\/2022\/01\/Belden-Coax-RG-59-Cables-Family-Fanout.jpg\" class=\"attachment-large size-large wp-image-3678 lazyload\" alt=\"\" data-srcset=\"https:\/\/coblince.com.mx\/wp-content\/uploads\/2022\/01\/Belden-Coax-RG-59-Cables-Family-Fanout.jpg 330w, https:\/\/coblince.com.mx\/wp-content\/uploads\/2022\/01\/Belden-Coax-RG-59-Cables-Family-Fanout-300x300.jpg 300w\" data-sizes=\"(max-width: 330px) 100vw, 330px\" src=\"data:image\/gif;base64,R0lGODlhAQABAAAAACH5BAEKAAEALAAAAAABAAEAAAICTAEAOw==\" style=\"--smush-placeholder-width: 330px; --smush-placeholder-aspect-ratio: 330\/330;\" \/><noscript><img loading=\"lazy\" decoding=\"async\" width=\"330\" height=\"330\" src=\"https:\/\/coblince.com.mx\/wp-content\/uploads\/2022\/01\/Belden-Coax-RG-59-Cables-Family-Fanout.jpg\" class=\"attachment-large size-large wp-image-3678\" alt=\"\" srcset=\"https:\/\/coblince.com.mx\/wp-content\/uploads\/2022\/01\/Belden-Coax-RG-59-Cables-Family-Fanout.jpg 330w, https:\/\/coblince.com.mx\/wp-content\/uploads\/2022\/01\/Belden-Coax-RG-59-Cables-Family-Fanout-300x300.jpg 300w\" sizes=\"(max-width: 330px) 100vw, 330px\" \/><\/noscript>\t\t\t\t\t\t\t\t\t\t\t\t\t\t\t<\/div>\n\t\t\t\t<\/div>\n\t\t\t\t<div class=\"elementor-element elementor-element-de1a9b7 elementor-widget elementor-widget-heading\" data-id=\"de1a9b7\" data-element_type=\"widget\" data-e-type=\"widget\" data-widget_type=\"heading.default\">\n\t\t\t\t<div class=\"elementor-widget-container\">\n\t\t\t\t\t<h6 class=\"elementor-heading-title elementor-size-default\">Cable coaxial RG59<\/h6>\t\t\t\t<\/div>\n\t\t\t\t<\/div>\n\t\t\t\t\t<\/div>\n\t\t<\/div>\n\t\t\t\t\t<\/div>\n\t\t<\/section>\n\t\t\t\t<\/div>\n\t\t","protected":false},"excerpt":{"rendered":"<p>Cable coaxial de 50 ohmios Cable coaxial de 75 ohmios Cable coaxial de transmisi\u00f3n y sat\u00e9lite Cable triaxial Circuito cerrado de televisi\u00f3n y cable de seguridad Cable coaxial RG6 Cable coaxial RG11 Cable coaxial RG59<\/p>\n","protected":false},"author":1,"featured_media":0,"parent":0,"menu_order":0,"comment_status":"closed","ping_status":"closed","template":"","meta":{"site-sidebar-layout":"no-sidebar","site-content-layout":"page-builder","ast-site-content-layout":"","site-content-style":"default","site-sidebar-style":"default","ast-global-header-display":"","ast-banner-title-visibility":"","ast-main-header-display":"","ast-hfb-above-header-display":"","ast-hfb-below-header-display":"","ast-hfb-mobile-header-display":"","site-post-title":"disabled","ast-breadcrumbs-content":"","ast-featured-img":"disabled","footer-sml-layout":"","theme-transparent-header-meta":"","adv-header-id-meta":"","stick-header-meta":"","header-above-stick-meta":"","header-main-stick-meta":"","header-below-stick-meta":"","astra-migrate-meta-layouts":"default","ast-page-background-enabled":"default","ast-page-background-meta":{"desktop":{"background-color":"var(--ast-global-color-4)","background-image":"","background-repeat":"repeat","background-position":"center center","background-size":"auto","background-attachment":"scroll","background-type":"","background-media":"","overlay-type":"","overlay-color":"","overlay-opacity":"","overlay-gradient":""},"tablet":{"background-color":"","background-image":"","background-repeat":"repeat","background-position":"center center","background-size":"auto","background-attachment":"scroll","background-type":"","background-media":"","overlay-type":"","overlay-color":"","overlay-opacity":"","overlay-gradient":""},"mobile":{"background-color":"","background-image":"","background-repeat":"repeat","background-position":"center center","background-size":"auto","background-attachment":"scroll","background-type":"","background-media":"","overlay-type":"","overlay-color":"","overlay-opacity":"","overlay-gradient":""}},"ast-content-background-meta":{"desktop":{"background-color":"var(--ast-global-color-5)","background-image":"","background-repeat":"repeat","background-position":"center center","background-size":"auto","background-attachment":"scroll","background-type":"","background-media":"","overlay-type":"","overlay-color":"","overlay-opacity":"","overlay-gradient":""},"tablet":{"background-color":"var(--ast-global-color-5)","background-image":"","background-repeat":"repeat","background-position":"center center","background-size":"auto","background-attachment":"scroll","background-type":"","background-media":"","overlay-type":"","overlay-color":"","overlay-opacity":"","overlay-gradient":""},"mobile":{"background-color":"var(--ast-global-color-5)","background-image":"","background-repeat":"repeat","background-position":"center center","background-size":"auto","background-attachment":"scroll","background-type":"","background-media":"","overlay-type":"","overlay-color":"","overlay-opacity":"","overlay-gradient":""}},"footnotes":""},"class_list":["post-3667","page","type-page","status-publish","hentry"],"_links":{"self":[{"href":"https:\/\/coblince.com.mx\/index.php?rest_route=\/wp\/v2\/pages\/3667","targetHints":{"allow":["GET"]}}],"collection":[{"href":"https:\/\/coblince.com.mx\/index.php?rest_route=\/wp\/v2\/pages"}],"about":[{"href":"https:\/\/coblince.com.mx\/index.php?rest_route=\/wp\/v2\/types\/page"}],"author":[{"embeddable":true,"href":"https:\/\/coblince.com.mx\/index.php?rest_route=\/wp\/v2\/users\/1"}],"replies":[{"embeddable":true,"href":"https:\/\/coblince.com.mx\/index.php?rest_route=%2Fwp%2Fv2%2Fcomments&post=3667"}],"version-history":[{"count":10,"href":"https:\/\/coblince.com.mx\/index.php?rest_route=\/wp\/v2\/pages\/3667\/revisions"}],"predecessor-version":[{"id":3700,"href":"https:\/\/coblince.com.mx\/index.php?rest_route=\/wp\/v2\/pages\/3667\/revisions\/3700"}],"wp:attachment":[{"href":"https:\/\/coblince.com.mx\/index.php?rest_route=%2Fwp%2Fv2%2Fmedia&parent=3667"}],"curies":[{"name":"wp","href":"https:\/\/api.w.org\/{rel}","templated":true}]}}